{"id":6,"date":"2015-06-13T18:47:01","date_gmt":"2015-06-13T16:47:01","guid":{"rendered":"http:\/\/home.pfeifer-thier.de\/?page_id=6"},"modified":"2023-02-25T15:20:28","modified_gmt":"2023-02-25T14:20:28","slug":"startseite","status":"publish","type":"page","link":"https:\/\/www.pfeifer-rechtsanwaelte.de\/","title":{"rendered":"Startseite"},"content":{"rendered":"<p><strong>Willkommen auf den Internetseiten der Kanzlei<\/strong><\/p>\n<p><strong>Pfeifer Rechtsanw\u00e4lte<\/strong><\/p>\n<p><strong>in Berlin-Lichtenberg<\/strong><\/p>\n<p>Wir freuen uns \u00fcber Ihr Interesse und m\u00f6chten Ihnen auf diesem Wege unsere Kanzlei, unsere Mitarbeiter und unsere T\u00e4tigkeitsfelder vorstellen.<\/p>\n<p><strong>\u00a0<\/strong><\/p>\n<p><strong>\u00a0<\/strong><\/p>\n","protected":false},"excerpt":{"rendered":"<p>Willkommen auf den Internetseiten der Kanzlei Pfeifer Rechtsanw\u00e4lte in Berlin-Lichtenberg Wir freuen uns \u00fcber Ihr Interesse und m\u00f6chten Ihnen auf diesem Wege unsere Kanzlei, unsere Mitarbeiter und unsere T\u00e4tigkeitsfelder vorstellen. \u00a0 \u00a0<\/p>\n","protected":false},"author":1,"featured_media":0,"parent":0,"menu_order":0,"comment_status":"closed","ping_status":"closed","template":"","meta":{"footnotes":""},"class_list":["post-6","page","type-page","status-publish","hentry","entry"],"aioseo_notices":[],"_links":{"self":[{"href":"https:\/\/www.pfeifer-rechtsanwaelte.de\/index.php?rest_route=\/wp\/v2\/pages\/6","targetHints":{"allow":["GET"]}}],"collection":[{"href":"https:\/\/www.pfeifer-rechtsanwaelte.de\/index.php?rest_route=\/wp\/v2\/pages"}],"about":[{"href":"https:\/\/www.pfeifer-rechtsanwaelte.de\/index.php?rest_route=\/wp\/v2\/types\/page"}],"author":[{"embeddable":true,"href":"https:\/\/www.pfeifer-rechtsanwaelte.de\/index.php?rest_route=\/wp\/v2\/users\/1"}],"replies":[{"embeddable":true,"href":"https:\/\/www.pfeifer-rechtsanwaelte.de\/index.php?rest_route=%2Fwp%2Fv2%2Fcomments&post=6"}],"version-history":[{"count":7,"href":"https:\/\/www.pfeifer-rechtsanwaelte.de\/index.php?rest_route=\/wp\/v2\/pages\/6\/revisions"}],"predecessor-version":[{"id":210,"href":"https:\/\/www.pfeifer-rechtsanwaelte.de\/index.php?rest_route=\/wp\/v2\/pages\/6\/revisions\/210"}],"wp:attachment":[{"href":"https:\/\/www.pfeifer-rechtsanwaelte.de\/index.php?rest_route=%2Fwp%2Fv2%2Fmedia&parent=6"}],"curies":[{"name":"wp","href":"https:\/\/api.w.org\/{rel}","templated":true}]}}